{"id":64,"date":"2016-09-10T12:55:13","date_gmt":"2016-09-10T12:55:13","guid":{"rendered":"http:\/\/ssat.pt\/wordpress\/?page_id=64"},"modified":"2016-09-25T15:26:14","modified_gmt":"2016-09-25T15:26:14","slug":"medicina","status":"publish","type":"page","link":"https:\/\/ssat.pt\/?page_id=64","title":{"rendered":"Medicina do trabalho"},"content":{"rendered":"<p><strong>Comunica\u00e7\u00f5es do servi\u00e7o de seguran\u00e7a e de sa\u00fade no trabalho<\/strong><\/p>\n<p><em>Para a elabora\u00e7\u00e3o da Ficha de Aptid\u00e3o M\u00e9dica, o m\u00e9dico de trabalho, det\u00eam o conhecimento do resultado das seguintes avalia\u00e7\u00f5es e monitoriza\u00e7\u00f5es realizadas pelo servi\u00e7o de seguran\u00e7a e sa\u00fade do trabalho.<\/em><\/p>\n<ul>\n<li>An\u00e1lise do posto de trabalho e identifica\u00e7\u00e3o dos fatores de risco.<\/li>\n<li>Comunica\u00e7\u00e3o dos resultados das medi\u00e7\u00f5es ambientais.<\/li>\n<li>Avalia\u00e7\u00e3o da exposi\u00e7\u00e3o profissional do trabalhador.<\/li>\n<li>Comunica\u00e7\u00e3o dos equipamentos de prote\u00e7\u00e3o individuais.<\/li>\n<li>Vigil\u00e2ncia das condi\u00e7\u00f5es de trabalho de trabalhadores.<\/li>\n<li>Sinaliza\u00e7\u00e3o e comunica\u00e7\u00e3o ao m\u00e9dico do trabalho de situa\u00e7\u00f5es mais vulner\u00e1veis e surgimento de doen\u00e7as profissionais.<\/li>\n<\/ul>\n<p><\/br><br \/>\n<a href=\"http:\/\/smat.pt\" target=\"blank\"><img loading=\"lazy\" decoding=\"async\" class=\"alignnone size-medium wp-image-82\" src=\"http:\/\/ssat.pt\/wordpress\/wp-content\/uploads\/smat-logo-300x99.png\" alt=\"smat-logo\" width=\"300\" height=\"99\" srcset=\"https:\/\/ssat.pt\/wp-content\/uploads\/smat-logo-300x99.png 300w, https:\/\/ssat.pt\/wp-content\/uploads\/smat-logo.png 713w\" sizes=\"auto, (max-width: 300px) 100vw, 300px\" \/><\/a><\/p>\n","protected":false},"excerpt":{"rendered":"<p>Comunica\u00e7\u00f5es do servi\u00e7o de seguran\u00e7a e de sa\u00fade no trabalho Para a elabora\u00e7\u00e3o da Ficha de Aptid\u00e3o M\u00e9dica, o m\u00e9dico de trabalho, det\u00eam o conhecimento do resultado das seguintes avalia\u00e7\u00f5es e monitoriza\u00e7\u00f5es realizadas pelo servi\u00e7o de seguran\u00e7a e sa\u00fade do trabalho. An\u00e1lise do posto de trabalho e identifica\u00e7\u00e3o dos fatores de risco. Comunica\u00e7\u00e3o dos resultados [&hellip;]<\/p>\n","protected":false},"author":1,"featured_media":0,"parent":0,"menu_order":0,"comment_status":"closed","ping_status":"closed","template":"","meta":{"footnotes":""},"class_list":["post-64","page","type-page","status-publish","hentry"],"_links":{"self":[{"href":"https:\/\/ssat.pt\/index.php?rest_route=\/wp\/v2\/pages\/64","targetHints":{"allow":["GET"]}}],"collection":[{"href":"https:\/\/ssat.pt\/index.php?rest_route=\/wp\/v2\/pages"}],"about":[{"href":"https:\/\/ssat.pt\/index.php?rest_route=\/wp\/v2\/types\/page"}],"author":[{"embeddable":true,"href":"https:\/\/ssat.pt\/index.php?rest_route=\/wp\/v2\/users\/1"}],"replies":[{"embeddable":true,"href":"https:\/\/ssat.pt\/index.php?rest_route=%2Fwp%2Fv2%2Fcomments&post=64"}],"version-history":[{"count":8,"href":"https:\/\/ssat.pt\/index.php?rest_route=\/wp\/v2\/pages\/64\/revisions"}],"predecessor-version":[{"id":88,"href":"https:\/\/ssat.pt\/index.php?rest_route=\/wp\/v2\/pages\/64\/revisions\/88"}],"wp:attachment":[{"href":"https:\/\/ssat.pt\/index.php?rest_route=%2Fwp%2Fv2%2Fmedia&parent=64"}],"curies":[{"name":"wp","href":"https:\/\/api.w.org\/{rel}","templated":true}]}}