{"id":45,"date":"2016-08-29T22:48:49","date_gmt":"2016-08-29T22:48:49","guid":{"rendered":"http:\/\/ssat.pt\/wordpress\/?page_id=45"},"modified":"2016-09-25T15:12:34","modified_gmt":"2016-09-25T15:12:34","slug":"programa-de-prevencao","status":"publish","type":"page","link":"https:\/\/ssat.pt\/?page_id=45","title":{"rendered":"Programa de Preven\u00e7\u00e3o"},"content":{"rendered":"<ul>\n<li>Desenvolvimento de programas de promo\u00e7\u00e3o de sa\u00fade.<\/li>\n<li>Promo\u00e7\u00e3o de programas de h\u00e1bitos saud\u00e1veis para os colaboradores e para as empresas.<\/li>\n<li>Preven\u00e7\u00e3o de riscos ergon\u00f3micos: Adequa\u00e7\u00e3o\/Modifica\u00e7\u00e3o\/Interven\u00e7\u00f5es de melhoria nos postos de trabalho.<\/li>\n<li>Programas de preven\u00e7\u00e3o de les\u00f5es m\u00fasculo-esquel\u00e9ticas relacionadas com o Trabalho (LMERT) e redu\u00e7\u00e3o do absentismo.<\/li>\n<li>Programa de gin\u00e1stica laboral.<\/li>\n<\/ul>\n","protected":false},"excerpt":{"rendered":"<p>Desenvolvimento de programas de promo\u00e7\u00e3o de sa\u00fade. Promo\u00e7\u00e3o de programas de h\u00e1bitos saud\u00e1veis para os colaboradores e para as empresas. Preven\u00e7\u00e3o de riscos ergon\u00f3micos: Adequa\u00e7\u00e3o\/Modifica\u00e7\u00e3o\/Interven\u00e7\u00f5es de melhoria nos postos de trabalho. Programas de preven\u00e7\u00e3o de les\u00f5es m\u00fasculo-esquel\u00e9ticas relacionadas com o Trabalho (LMERT) e redu\u00e7\u00e3o do absentismo. Programa de gin\u00e1stica laboral.<\/p>\n","protected":false},"author":1,"featured_media":0,"parent":0,"menu_order":0,"comment_status":"closed","ping_status":"closed","template":"","meta":{"footnotes":""},"class_list":["post-45","page","type-page","status-publish","hentry"],"_links":{"self":[{"href":"https:\/\/ssat.pt\/index.php?rest_route=\/wp\/v2\/pages\/45","targetHints":{"allow":["GET"]}}],"collection":[{"href":"https:\/\/ssat.pt\/index.php?rest_route=\/wp\/v2\/pages"}],"about":[{"href":"https:\/\/ssat.pt\/index.php?rest_route=\/wp\/v2\/types\/page"}],"author":[{"embeddable":true,"href":"https:\/\/ssat.pt\/index.php?rest_route=\/wp\/v2\/users\/1"}],"replies":[{"embeddable":true,"href":"https:\/\/ssat.pt\/index.php?rest_route=%2Fwp%2Fv2%2Fcomments&post=45"}],"version-history":[{"count":5,"href":"https:\/\/ssat.pt\/index.php?rest_route=\/wp\/v2\/pages\/45\/revisions"}],"predecessor-version":[{"id":77,"href":"https:\/\/ssat.pt\/index.php?rest_route=\/wp\/v2\/pages\/45\/revisions\/77"}],"wp:attachment":[{"href":"https:\/\/ssat.pt\/index.php?rest_route=%2Fwp%2Fv2%2Fmedia&parent=45"}],"curies":[{"name":"wp","href":"https:\/\/api.w.org\/{rel}","templated":true}]}}