{"id":30,"date":"2016-04-18T21:29:39","date_gmt":"2016-04-18T21:29:39","guid":{"rendered":"http:\/\/ssat.pt\/wordpress\/?page_id=30"},"modified":"2016-09-10T14:39:10","modified_gmt":"2016-09-10T14:39:10","slug":"consultoria-ambiental","status":"publish","type":"page","link":"https:\/\/ssat.pt\/?page_id=30","title":{"rendered":"Consultoria ambiental"},"content":{"rendered":"<p><strong>Consultoria sobre as obriga\u00e7\u00f5es legais do Regime Geral da Gest\u00e3o de Res\u00edduos<\/strong><\/p>\n<p>Apoio no registo do SILIAMB e no preenchimento dos Mapas Anuais de Res\u00edduos.<\/p>\n<ul>\n<li>Classifica\u00e7\u00e3o dos res\u00edduos corretamente atrav\u00e9s do uso da Lista Europeia de Res\u00edduos (atribui\u00e7\u00e3o do C\u00f3digo LER).<\/li>\n<li>Identifica\u00e7\u00e3o  dos c\u00f3digos de valoriza\u00e7\u00e3o e elimina\u00e7\u00e3o (c\u00f3digos R e D) e as caracter\u00edsticas dos res\u00edduos que os tornam perigosos.<\/li>\n<li>Apoio t\u00e9cnico nas regras para transporte de res\u00edduos.<\/li>\n<li>Preenchimento das Guias de Acompanhamento de Res\u00edduos.<\/li>\n<li>Preenchimento dos Mapas Integrados de Gest\u00e3o de Res\u00edduos (MIRR).<\/li>\n<\/ul>\n","protected":false},"excerpt":{"rendered":"<p>Consultoria sobre as obriga\u00e7\u00f5es legais do Regime Geral da Gest\u00e3o de Res\u00edduos Apoio no registo do SILIAMB e no preenchimento dos Mapas Anuais de Res\u00edduos. Classifica\u00e7\u00e3o dos res\u00edduos corretamente atrav\u00e9s do uso da Lista Europeia de Res\u00edduos (atribui\u00e7\u00e3o do C\u00f3digo LER). Identifica\u00e7\u00e3o dos c\u00f3digos de valoriza\u00e7\u00e3o e elimina\u00e7\u00e3o (c\u00f3digos R e D) e as caracter\u00edsticas [&hellip;]<\/p>\n","protected":false},"author":1,"featured_media":0,"parent":0,"menu_order":0,"comment_status":"closed","ping_status":"closed","template":"","meta":{"footnotes":""},"class_list":["post-30","page","type-page","status-publish","hentry"],"_links":{"self":[{"href":"https:\/\/ssat.pt\/index.php?rest_route=\/wp\/v2\/pages\/30","targetHints":{"allow":["GET"]}}],"collection":[{"href":"https:\/\/ssat.pt\/index.php?rest_route=\/wp\/v2\/pages"}],"about":[{"href":"https:\/\/ssat.pt\/index.php?rest_route=\/wp\/v2\/types\/page"}],"author":[{"embeddable":true,"href":"https:\/\/ssat.pt\/index.php?rest_route=\/wp\/v2\/users\/1"}],"replies":[{"embeddable":true,"href":"https:\/\/ssat.pt\/index.php?rest_route=%2Fwp%2Fv2%2Fcomments&post=30"}],"version-history":[{"count":6,"href":"https:\/\/ssat.pt\/index.php?rest_route=\/wp\/v2\/pages\/30\/revisions"}],"predecessor-version":[{"id":68,"href":"https:\/\/ssat.pt\/index.php?rest_route=\/wp\/v2\/pages\/30\/revisions\/68"}],"wp:attachment":[{"href":"https:\/\/ssat.pt\/index.php?rest_route=%2Fwp%2Fv2%2Fmedia&parent=30"}],"curies":[{"name":"wp","href":"https:\/\/api.w.org\/{rel}","templated":true}]}}