{"id":28,"date":"2016-04-18T21:28:58","date_gmt":"2016-04-18T21:28:58","guid":{"rendered":"http:\/\/ssat.pt\/wordpress\/?page_id=28"},"modified":"2016-09-25T15:11:44","modified_gmt":"2016-09-25T15:11:44","slug":"seguranca-e-higiene-no-trabalho","status":"publish","type":"page","link":"https:\/\/ssat.pt\/?page_id=28","title":{"rendered":"Seguran\u00e7a e Higiene no Trabalho"},"content":{"rendered":"<p><strong>Consultoria sobre as obriga\u00e7\u00f5es legais do Regime Geral da Seguran\u00e7a e\u00a0Sa\u00fade\u00a0do Trabalho<\/strong><\/p>\n<p><em>Os Servi\u00e7os prestados na \u00e1rea de Higiene e Seguran\u00e7a<\/em><em> visam a avalia\u00e7\u00e3o e garantia das condi\u00e7\u00f5es de <\/em><em>Higiene e Seguran\u00e7a<\/em><em> nos locais de trabalho necess\u00e1rias ao cumprimento da legisla\u00e7\u00e3o em vigor, <\/em><em>no que se refere a:<\/em><\/p>\n<ul>\n<li>Auditorias \u00e0s instala\u00e7\u00f5es por parte de t\u00e9cnicos com forma\u00e7\u00e3o espec\u00edfica na \u00e1rea de Higiene e Seguran\u00e7a no Trabalho, observando as condi\u00e7\u00f5es estruturais e funcionais existentes.<\/li>\n<li>Verifica\u00e7\u00e3o das n\u00e3o conformidades presentes nas instala\u00e7\u00f5es da empresa com base no normativo legal em vigor, aplicado ao tipo de estabelecimento.<\/li>\n<li>Informa\u00e7\u00e3o t\u00e9cnica, sobre as medidas de preven\u00e7\u00e3o relativas \u00e0s instala\u00e7\u00f5es, locais, equipamentos e processos de trabalho.<\/li>\n<li>Identifica\u00e7\u00e3o, avalia\u00e7\u00e3o e preven\u00e7\u00e3o de riscos para a seguran\u00e7a e promo\u00e7\u00e3o da sa\u00fade nos locais de trabalho.<\/li>\n<li>Informa\u00e7\u00e3o, sensibiliza\u00e7\u00e3o e consulta aos trabalhadores sobre os riscos profissionais e medidas de preven\u00e7\u00e3o\/prote\u00e7\u00e3o.<\/li>\n<li>Elei\u00e7\u00e3o do representante dos trabalhadores e consulta aos trabalhadores.<\/li>\n<li>An\u00e1lise da\u00a0sinistralidade laboral\u00a0e estudos comparativos dos acidentes de trabalho.<\/li>\n<li>Planeamento da preven\u00e7\u00e3o, integrando, a todos os n\u00edveis e para o conjunto de atividades da empresa, a avalia\u00e7\u00e3o dos riscos e as respectivas medidas de preven\u00e7\u00e3o.<\/li>\n<li>Aconselhamento sobre as prioridades de interven\u00e7\u00e3o, tendo em conta os riscos para a seguran\u00e7a e sa\u00fade dos trabalhadores.<\/li>\n<li>Apresenta\u00e7\u00e3o do plano de preven\u00e7\u00e3o da empresa.<\/li>\n<li>Apresenta\u00e7\u00e3o do plano de a\u00e7\u00e3o resultante da an\u00e1lise do acidentes de trabalho.<\/li>\n<li>Apresenta\u00e7\u00e3o do plano de interven\u00e7\u00e3o resultante da consulta aos trabalhadores.<\/li>\n<li>Apresenta\u00e7\u00e3o da avalia\u00e7\u00e3o de riscos profissionais, por setor.<\/li>\n<li>Aconselhamento t\u00e9cnico na implementa\u00e7\u00e3o do plano de sinaliza\u00e7\u00e3o de seguran\u00e7a.<\/li>\n<li>Supervisionamento da utiliza\u00e7\u00e3o dos equipamentos de prote\u00e7\u00e3o individual, bem como a instala\u00e7\u00e3o e a manuten\u00e7\u00e3o da sinaliza\u00e7\u00e3o de seguran\u00e7a.<\/li>\n<li>Preenchimento e envio do Relat\u00f3rio \u00danico das atividades do Servi\u00e7o de Higiene, Seguran\u00e7a e Sa\u00fade, a remeter \u00e0 Autoridade para as Condi\u00e7\u00f5es de Trabalho.<\/li>\n<\/ul>\n","protected":false},"excerpt":{"rendered":"<p>Consultoria sobre as obriga\u00e7\u00f5es legais do Regime Geral da Seguran\u00e7a e\u00a0Sa\u00fade\u00a0do Trabalho Os Servi\u00e7os prestados na \u00e1rea de Higiene e Seguran\u00e7a visam a avalia\u00e7\u00e3o e garantia das condi\u00e7\u00f5es de Higiene e Seguran\u00e7a nos locais de trabalho necess\u00e1rias ao cumprimento da legisla\u00e7\u00e3o em vigor, no que se refere a: Auditorias \u00e0s instala\u00e7\u00f5es por parte de t\u00e9cnicos [&hellip;]<\/p>\n","protected":false},"author":1,"featured_media":0,"parent":0,"menu_order":0,"comment_status":"closed","ping_status":"closed","template":"","meta":{"footnotes":""},"class_list":["post-28","page","type-page","status-publish","hentry"],"_links":{"self":[{"href":"https:\/\/ssat.pt\/index.php?rest_route=\/wp\/v2\/pages\/28","targetHints":{"allow":["GET"]}}],"collection":[{"href":"https:\/\/ssat.pt\/index.php?rest_route=\/wp\/v2\/pages"}],"about":[{"href":"https:\/\/ssat.pt\/index.php?rest_route=\/wp\/v2\/types\/page"}],"author":[{"embeddable":true,"href":"https:\/\/ssat.pt\/index.php?rest_route=\/wp\/v2\/users\/1"}],"replies":[{"embeddable":true,"href":"https:\/\/ssat.pt\/index.php?rest_route=%2Fwp%2Fv2%2Fcomments&post=28"}],"version-history":[{"count":5,"href":"https:\/\/ssat.pt\/index.php?rest_route=\/wp\/v2\/pages\/28\/revisions"}],"predecessor-version":[{"id":75,"href":"https:\/\/ssat.pt\/index.php?rest_route=\/wp\/v2\/pages\/28\/revisions\/75"}],"wp:attachment":[{"href":"https:\/\/ssat.pt\/index.php?rest_route=%2Fwp%2Fv2%2Fmedia&parent=28"}],"curies":[{"name":"wp","href":"https:\/\/api.w.org\/{rel}","templated":true}]}}