{"id":118,"date":"2018-09-25T00:20:39","date_gmt":"2018-09-25T00:20:39","guid":{"rendered":"http:\/\/ssat.pt\/?page_id=118"},"modified":"2018-09-25T00:22:25","modified_gmt":"2018-09-25T00:22:25","slug":"politica-de-privacidade","status":"publish","type":"page","link":"https:\/\/ssat.pt\/?page_id=118","title":{"rendered":"Pol\u00edtica de Privacidade"},"content":{"rendered":"<h1><span style=\"font-weight: 400;\">Pol\u00edtica de Privacidade<\/span><\/h1>\n<p><span style=\"font-weight: 400;\">A presente Pol\u00edtica de Privacidade estabelece a forma como a SSAT, Lda utiliza os dados pessoais dos seus colaboradores e clientes, de acordo com o Regulamento (EU) 2016\/679 do Parlamento Europeu e do Conselho de 27 de abril de 2016 relativo \u00e0 prote\u00e7\u00e3o das pessoas singulares.<\/span><\/p>\n<h2><span style=\"font-weight: 400;\">Que dados pessoais recolhemos e tratamos?<\/span><\/h2>\n<p><span style=\"font-weight: 400;\">Recolhemos e tratamos, habitualmente, apenas dados de identifica\u00e7\u00e3o e dados de contacto, pertencentes a clientes, potenciais clientes, colaboradores, potenciais colaboradores, fornecedores e colaboradores de clientes, necess\u00e1rios para a presta\u00e7\u00e3o de servi\u00e7os decorrentes da atividade.<\/span><\/p>\n<h2><span style=\"font-weight: 400;\">Porque recolhemos e tratamos dados pessoais?<\/span><\/h2>\n<p><span style=\"font-weight: 400;\">Recolhemos e tratamos dados pessoais de forma a dar cumprimento ao contratualizado. Assim os dados recolhidos limitam-se aos m\u00ednimos e essenciais sendo utilizados na elabora\u00e7\u00e3o de documenta\u00e7\u00e3o inerente ao desenvolvimento da atividade, tais como:<\/span><\/p>\n<ul>\n<li style=\"font-weight: 400;\"><span style=\"font-weight: 400;\">Relat\u00f3rios de acidentes de trabalho;<\/span><\/li>\n<li style=\"font-weight: 400;\"><span style=\"font-weight: 400;\">Registos de a\u00e7\u00f5es de forma\u00e7\u00e3o\/ sensibiliza\u00e7\u00e3o;<\/span><\/li>\n<li style=\"font-weight: 400;\"><span style=\"font-weight: 400;\">Certificados de forma\u00e7\u00e3o;<\/span><\/li>\n<li style=\"font-weight: 400;\"><span style=\"font-weight: 400;\">Fichas individuais de riscos profissionais.<\/span><\/li>\n<\/ul>\n<p><span style=\"font-weight: 400;\">De forma a minimizarmos os dados recolhidos dos colaboradores de empresas clientes aquando a ocorr\u00eancia de um acidente de trabalho utilizamos um formul\u00e1rio pr\u00f3prio em vez da comum participa\u00e7\u00e3o de sinistro acidentes de trabalho da seguradora.<\/span><\/p>\n<h2><span style=\"font-weight: 400;\">Que tratamentos habitualmente fazemos com esses dados pessoais?<\/span><\/h2>\n<p><span style=\"font-weight: 400;\">Habitualmente os dados pessoais s\u00e3o mantidos no nosso sistema de gest\u00e3o e o acesso aos mesmos est\u00e1 restrito aos departamentos que necessitam estritamente de os consultar. Os dados s\u00e3o acedidos, consultados e atualizados sempre que necess\u00e1rio e apenas pelos colaboradores devidamente autorizados. Caso seja necess\u00e1rio para o cumprimento de obriga\u00e7\u00f5es legais teremos de ceder dados pessoais a entidades externas, mas apenas e s\u00f3 no estrito cumprimento das nossas obriga\u00e7\u00f5es.<\/span><\/p>\n<h2><span style=\"font-weight: 400;\">Que medidas de seguran\u00e7a implementamos?<\/span><\/h2>\n<p><span style=\"font-weight: 400;\">Temos vindo a implementar na nossa infraestrutura as solu\u00e7\u00f5es de seguran\u00e7a que consideramos adequadas aos nossos processos e \u00e0 sensibilidade da informa\u00e7\u00e3o que tratamos. <\/span><\/p>\n<p><span style=\"font-weight: 400;\">Impomos, ainda, aos nossos colaboradores, uma obriga\u00e7\u00e3o de confidencialidade e limita\u00e7\u00e3o do tratamento de dados pessoais de clientes que assegurem os n\u00edveis de conformidade adequados.<\/span><\/p>\n<h2><span style=\"font-weight: 400;\">Durante quanto tempo conservamos dados pessoais?<\/span><\/h2>\n<p><span style=\"font-weight: 400;\">Os dados recolhidos dos clientes, colaboradores e fornecedores ser\u00e3o armazenados durante a vig\u00eancia do contrato de presta\u00e7\u00e3o de servi\u00e7os, ou durante 5 anos como salvaguarda de situa\u00e7\u00f5es em que legalmente os mesmos tenham de ser mantidos ap\u00f3s data de vig\u00eancia dos contratos celebrados.\u00a0<\/span><\/p>\n<h2><span style=\"font-weight: 400;\">Quais os seus direitos relativos aos seus dados pessoais?<\/span><\/h2>\n<p><span style=\"font-weight: 400;\">Nos termos do Regulamento Geral de Prote\u00e7\u00e3o de Dados, o titular dos dados, tem o direito de acesso, retifica\u00e7\u00e3o, apagamento, limita\u00e7\u00e3o, portabilidade e oposi\u00e7\u00e3o dos seus dados pessoais.<\/span><\/p>\n<p><span style=\"font-weight: 400;\">O seu exerc\u00edcio destes direitos est\u00e1 sujeito a determinadas exce\u00e7\u00f5es destinadas \u00e0 salvaguarda do interesse p\u00fablico (preven\u00e7\u00e3o ou dete\u00e7\u00e3o de crimes) ou do nosso interesse (manuten\u00e7\u00e3o do sigilo profissional), ou da legisla\u00e7\u00e3o \u00e0 qual a SSAT, Lda est\u00e1 sujeita.<\/span><\/p>\n<p><span style=\"font-weight: 400;\">O exerc\u00edcio destes direitos poder\u00e1 ser feito das seguintes formas:<\/span><\/p>\n<ul>\n<li style=\"font-weight: 400;\"><span style=\"font-weight: 400;\">Via email: enviando um e-mail para o endere\u00e7o\u00a0<\/span><a href=\"mailto:geral@ssat.pt\"><span style=\"font-weight: 400;\">geral@ssat.pt<\/span><\/a><span style=\"font-weight: 400;\">\u00a0indicando a sua inten\u00e7\u00e3o;<\/span><\/li>\n<li style=\"font-weight: 400;\"><span style=\"font-weight: 400;\">Via CTT: enviando uma carta para a morada Praceta Padre Lu\u00eds Gonzaga da Fonseca, Lote 3, N\u00ba 192, Loja 29 | 4800-045 Guimar\u00e3es<\/span><\/li>\n<\/ul>\n","protected":false},"excerpt":{"rendered":"<p>Pol\u00edtica de Privacidade A presente Pol\u00edtica de Privacidade estabelece a forma como a SSAT, Lda utiliza os dados pessoais dos seus colaboradores e clientes, de acordo com o Regulamento (EU) 2016\/679 do Parlamento Europeu e do Conselho de 27 de abril de 2016 relativo \u00e0 prote\u00e7\u00e3o das pessoas singulares. Que dados pessoais recolhemos e tratamos? [&hellip;]<\/p>\n","protected":false},"author":1,"featured_media":0,"parent":0,"menu_order":0,"comment_status":"closed","ping_status":"closed","template":"","meta":{"footnotes":""},"class_list":["post-118","page","type-page","status-publish","hentry"],"_links":{"self":[{"href":"https:\/\/ssat.pt\/index.php?rest_route=\/wp\/v2\/pages\/118","targetHints":{"allow":["GET"]}}],"collection":[{"href":"https:\/\/ssat.pt\/index.php?rest_route=\/wp\/v2\/pages"}],"about":[{"href":"https:\/\/ssat.pt\/index.php?rest_route=\/wp\/v2\/types\/page"}],"author":[{"embeddable":true,"href":"https:\/\/ssat.pt\/index.php?rest_route=\/wp\/v2\/users\/1"}],"replies":[{"embeddable":true,"href":"https:\/\/ssat.pt\/index.php?rest_route=%2Fwp%2Fv2%2Fcomments&post=118"}],"version-history":[{"count":2,"href":"https:\/\/ssat.pt\/index.php?rest_route=\/wp\/v2\/pages\/118\/revisions"}],"predecessor-version":[{"id":120,"href":"https:\/\/ssat.pt\/index.php?rest_route=\/wp\/v2\/pages\/118\/revisions\/120"}],"wp:attachment":[{"href":"https:\/\/ssat.pt\/index.php?rest_route=%2Fwp%2Fv2%2Fmedia&parent=118"}],"curies":[{"name":"wp","href":"https:\/\/api.w.org\/{rel}","templated":true}]}}